{"id":9827,"date":"2025-09-01T19:50:16","date_gmt":"2025-09-01T19:50:16","guid":{"rendered":"https:\/\/panoramica.se\/?page_id=9827"},"modified":"2025-09-15T14:14:55","modified_gmt":"2025-09-15T14:14:55","slug":"el-festival-2025","status":"publish","type":"page","link":"https:\/\/panoramica.se\/es\/el-festival-2025\/","title":{"rendered":"Festival 2025"},"content":{"rendered":"<div class=\"page\" title=\"Page 4\">\n<div class=\"section\">\n<div class=\"layoutArea\">\n<div class=\"column\">\n<p><strong>Tras una c\u00e1lida y memorable celebraci\u00f3n el a\u00f1o pasado, Panor\u00e1mica contin\u00faa en esta d\u00e9cimo primera edici\u00f3n con su compromiso de ser una ventana desde Estocolmo \u2013y para toda Suecia\u2013 hacia la riqueza y diversidad del cine latinoamericano.<\/strong><\/p>\n<\/div>\n<\/div>\n<\/div>\n<\/div>\n<p><!--more--><\/p>\n<p>Por primera vez, centramos nuestra mirada en un pa\u00eds en particular: <strong>Uruguay<\/strong>, cuya producci\u00f3n actual, tanto en ficci\u00f3n como en documental, ofrece miradas innovadoras, sensibles y comprometidas. Nos alegra anunciar la presencia de la actriz <strong>Martina Passeggi<\/strong>, protagonista del largometraje inaugural, <a href=\"https:\/\/panoramica.se\/es\/evenemang\/un-futuro-brillante\/\">Un futuro brillante<\/a>, dirigido por Luc\u00eda Garibaldi y premiado en el Festival de Tribeca 2025. Martina compartir\u00e1 sus reflexiones sobre el cine uruguayo en di\u00e1logo con el director <strong>Pablo Mart\u00ednez Pessi<\/strong>, quien nos acompa\u00f1a una vez m\u00e1s para presentar su nuevo documental, <a href=\"https:\/\/panoramica.se\/es\/evenemang\/rio-adentro\/\">R\u00edo adentro<\/a>.<\/p>\n<p>Tambi\u00e9n nos honra recibir a\u00a0la bi\u00f3loga y activista colombiana <strong>Brigitte Baptiste<\/strong>, protagonista del documental <a href=\"https:\/\/panoramica.se\/es\/evenemang\/brigitte-planeta-b\/\">Brigitte Planeta B<\/a>, y reconocida por su enfoque en la ecolog\u00eda queer y la biodiversidad.<\/p>\n<p>Adem\u00e1s, contaremos con la presencia de la directora paname\u00f1a <strong>Annie Canavaggio<\/strong>, quien presentar\u00e1 su documental <a href=\"https:\/\/panoramica.se\/es\/evenemang\/hijo-de-tigre-y-mula\/\">Hijo de tigre y mula<\/a>, una exploraci\u00f3n profunda sobre las huellas del colonialismo en la historia paname\u00f1a. Su obra dialoga con el eje tem\u00e1tico de esta edici\u00f3n: Ocupaciones colonialistas. La elecci\u00f3n de este tema es una invitaci\u00f3n a explorar las m\u00faltiples formas en que la ocupaci\u00f3n \u2013 territorial, simb\u00f3lica, pol\u00edtica o econ\u00f3mica \u2013 ha moldeado y contin\u00faa afectando nuestras sociedades, nuestras memorias y nuestro entendimiento de nuestra regi\u00f3n y del mundo.<\/p>\n<p>Desde historias \u00edntimas hasta retratos sociales, este a\u00f1o Panor\u00e1mica ofrece un programa que espera movilizar para imaginar otros futuros posibles. En tiempos donde el horror inimaginable sucede ante nuestros ojos, creemos en el poder del cine, el di\u00e1logo y el encuentro como espacios para construir esperanza.<\/p>\n<p><strong>\u00a1Bienvenidxs a una nueva edici\u00f3n de Panor\u00e1mica: una semana de cine, pensamiento cr\u00edtico y comunidad!<\/strong><\/p>\n","protected":false},"excerpt":{"rendered":"<p>Tras una c\u00e1lida y memorable celebraci\u00f3n el a\u00f1o pasado, Panor\u00e1mica contin\u00faa en esta d\u00e9cimo primera edici\u00f3n con su compromiso de ser una ventana desde Estocolmo \u2013y para toda Suecia\u2013 hacia la riqueza y diversidad del cine latinoamericano.<\/p>\n","protected":false},"author":2,"featured_media":9889,"parent":0,"menu_order":3,"comment_status":"closed","ping_status":"closed","template":"page-info.php","meta":{"_acf_changed":false,"footnotes":""},"class_list":["post-9827","page","type-page","status-publish","has-post-thumbnail","hentry"],"acf":[],"_links":{"self":[{"href":"https:\/\/panoramica.se\/es\/wp-json\/wp\/v2\/pages\/9827","targetHints":{"allow":["GET"]}}],"collection":[{"href":"https:\/\/panoramica.se\/es\/wp-json\/wp\/v2\/pages"}],"about":[{"href":"https:\/\/panoramica.se\/es\/wp-json\/wp\/v2\/types\/page"}],"author":[{"embeddable":true,"href":"https:\/\/panoramica.se\/es\/wp-json\/wp\/v2\/users\/2"}],"replies":[{"embeddable":true,"href":"https:\/\/panoramica.se\/es\/wp-json\/wp\/v2\/comments?post=9827"}],"version-history":[{"count":5,"href":"https:\/\/panoramica.se\/es\/wp-json\/wp\/v2\/pages\/9827\/revisions"}],"predecessor-version":[{"id":10138,"href":"https:\/\/panoramica.se\/es\/wp-json\/wp\/v2\/pages\/9827\/revisions\/10138"}],"wp:featuredmedia":[{"embeddable":true,"href":"https:\/\/panoramica.se\/es\/wp-json\/wp\/v2\/media\/9889"}],"wp:attachment":[{"href":"https:\/\/panoramica.se\/es\/wp-json\/wp\/v2\/media?parent=9827"}],"curies":[{"name":"wp","href":"https:\/\/api.w.org\/{rel}","templated":true}]}}