{"id":7646,"date":"2022-08-31T12:00:17","date_gmt":"2022-08-31T12:00:17","guid":{"rendered":"https:\/\/panoramica.se\/?page_id=7646"},"modified":"2022-08-31T06:54:37","modified_gmt":"2022-08-31T06:54:37","slug":"el-festival-2021","status":"publish","type":"page","link":"https:\/\/panoramica.se\/es\/el-festival-2021\/","title":{"rendered":"El festival 2022"},"content":{"rendered":"<p><strong>\u00a1Bienvenidxs a\u00a0la 8a edici\u00f3n\u00a0del Festival de Cine Latinoamericano de Estocolmo, Panoramica!<\/strong><\/p>\n<p><!--more--><\/p>\n<p>Mucho ha pasado desde la s\u00e9ptima edici\u00f3n del a\u00f1o pasado. Dos duros a\u00f1os de pandemia y restricciones han sido sustituidos por una guerra que se libra hoy muy cerca nuestro. Un conflicto que ha puesto\u00a0a los pa\u00edses latinoamericanos en un dilema de a qui\u00e9n apoyar tras a\u00f1os\u00a0de complicadas relaciones tanto con Rusia como con Estados Unidos. Chile y Colombia han vivido procesos democr\u00e1ticos \u00fanicos y apasionantes que nos llenan de esperanza, mientras que la violencia y la crisis pol\u00edtica se agudizan cada d\u00eda en pa\u00edses como El Salvador y M\u00e9xico.<\/p>\n<p>Con inspiraci\u00f3n en esta contrastante realidad hemos elegido la <strong>Resilien\u00adcia<\/strong> como tema para la octava edici\u00f3n de Panoramica. La capacidad de resistir y afrontar el cambio, sin dejar de mirar hacia delante y avanzar, es un tema recurrente en nuestro programa. Un tema importante de la edici\u00f3n de este a\u00f1o es tambi\u00e9n la diferencia entre la realidad y los sue\u00f1os, lo natural frente a lo sobrenatural, que exploraremos en el seminario<em> El realismo m\u00e1\u00adgico en el cine latinoamericano hoy<\/em>.<\/p>\n<p>La resiliencia y el realismo m\u00e1gico recorren como un hilo conductor la pel\u00edcula inaugural de este a\u00f1o, <a href=\"https:\/\/panoramica.se\/es\/evenemang\/nuestros-dias-mas-felices\/\">Nues\u00ad tros d\u00edas m\u00e1s felices<\/a>. Una hermosa f\u00e1bula sobre la vejez y las relaciones familiares que nos invita a dejarnos llevar por la historia de una relaci\u00f3n madre-hijo y que transforma situaciones absurdas en momentos m\u00e1gicos de vida y muerte, fantas\u00eda y realidad. La directora <strong>Sol Berruezo Pichon- Rivi\u00e8re<\/strong> ha participado con todas sus pel\u00edculas en varias ediciones de Pano- ramica, por lo que nos llena de gusto anunciar su presencia en la funci\u00f3n inaugural.<\/p>\n<p>Aunque hoy por fin podemos volver a tener las salas llenas despu\u00e9s de dos a\u00f1os de restricciones, hemos seguido desarrollando las posibilidades digitales de Panoramica y continuamos ofreciendo una parte de nuestra programaci\u00f3n <strong>en l\u00ednea<\/strong>. Esto es parte de nuestro esfuerzo como el mayor festival de cine latinoamericano en Suecia para llegar a un p\u00fablico fuera de Estocolmo. Esperamos que disfruten de nuestro programa desde los cines o desde su hogar.<\/p>\n","protected":false},"excerpt":{"rendered":"<p>\u00a1Bienvenidxs a\u00a0la 8a edici\u00f3n\u00a0del Festival de Cine Latinoamericano de Estocolmo, Panoramica!<\/p>\n","protected":false},"author":2,"featured_media":8138,"parent":0,"menu_order":13,"comment_status":"closed","ping_status":"closed","template":"page-info.php","meta":{"_acf_changed":false,"footnotes":""},"class_list":["post-7646","page","type-page","status-publish","has-post-thumbnail","hentry"],"acf":[],"_links":{"self":[{"href":"https:\/\/panoramica.se\/es\/wp-json\/wp\/v2\/pages\/7646","targetHints":{"allow":["GET"]}}],"collection":[{"href":"https:\/\/panoramica.se\/es\/wp-json\/wp\/v2\/pages"}],"about":[{"href":"https:\/\/panoramica.se\/es\/wp-json\/wp\/v2\/types\/page"}],"author":[{"embeddable":true,"href":"https:\/\/panoramica.se\/es\/wp-json\/wp\/v2\/users\/2"}],"replies":[{"embeddable":true,"href":"https:\/\/panoramica.se\/es\/wp-json\/wp\/v2\/comments?post=7646"}],"version-history":[{"count":2,"href":"https:\/\/panoramica.se\/es\/wp-json\/wp\/v2\/pages\/7646\/revisions"}],"predecessor-version":[{"id":8340,"href":"https:\/\/panoramica.se\/es\/wp-json\/wp\/v2\/pages\/7646\/revisions\/8340"}],"wp:featuredmedia":[{"embeddable":true,"href":"https:\/\/panoramica.se\/es\/wp-json\/wp\/v2\/media\/8138"}],"wp:attachment":[{"href":"https:\/\/panoramica.se\/es\/wp-json\/wp\/v2\/media?parent=7646"}],"curies":[{"name":"wp","href":"https:\/\/api.w.org\/{rel}","templated":true}]}}