{"id":7251,"date":"2021-08-23T08:44:15","date_gmt":"2021-08-23T08:44:15","guid":{"rendered":"https:\/\/panoramica.se\/arkiv-festivalen-2020\/"},"modified":"2021-08-23T10:58:56","modified_gmt":"2021-08-23T10:58:56","slug":"archivo-festival-2020","status":"publish","type":"page","link":"https:\/\/panoramica.se\/es\/archivo-festival-2020\/","title":{"rendered":"Archivo: Festival 2020"},"content":{"rendered":"<p>Este a\u00f1o, nada es igual. Al mismo tiempo que atravesamos una pandemia mundial, nosotrxs y muchos otrxs actores culturales tanto en Suecia como en el mundo hemos luchado para seguir ofreciendo cultura y proyecciones cinematogr\u00e1ficas de manera segura. Durante m\u00e1s de seis a\u00f1os, Panoramica ha trabajado arduamente para traer a Estocolmo una oferta cultural m\u00e1s rica con las pel\u00edculas m\u00e1s recientes de Am\u00e9rica Latina. Durante estos seis a\u00f1os, hemos mostrado m\u00e1s de 100 pel\u00edculas, hemos invitado a cineastas latinoamericanxs y hemos organizado pre estrenos y un club de cine a lo largo del a\u00f1o.<br \/>\n<!--more--><\/p>\n<p>El 12 de enero de 2020 Panoramica tuvo el cierre de su cineclub de oto\u00f1o en alias TEATRO con la pel\u00edcula chilena\u00a0<em>Perro Bomba<\/em>\u00a0de Juan Cac\u00e9res. Una proyecci\u00f3n muy apreciada con 60 visitantes que pudieron ver la pel\u00edcula, disfrutar de rica comida latinoamericana y escuchar a la acad\u00e9mica Irene Molina quien habl\u00f3 sobre el racismo actual en Chile y en la regi\u00f3n.<\/p>\n<p>Pero 2020 ser\u00e1 diferente. Panoramica 2020 no es un festival de cine como suele ser. Este a\u00f1o no podremos ser el refugio de quienes quieren participar de la cultura latinoamericana como siempre lo hemos sido. Este a\u00f1o debemos salvaguardar y respetar las restricciones y reglas que existen para la seguridad de todxs. Este a\u00f1o nos enfocamos en tomarnos un descanso de las reuniones sociales. Sin fiestas, sin visitas de directores y sin proyecciones agotadas.<\/p>\n<p>El festival de este a\u00f1o se comprime en cuatro d\u00edas en los que les invitamos tanto digitalmente como en el cine Zita a disfrutar de un programa personalizado que pueden ver en casa o en la pantalla grande. Los seminarios y las visitas de directorxs se realizan a distancia gracias a la tecnolog\u00eda a la que nos hemos adaptado este a\u00f1o.<\/p>\n<p>El festival de este a\u00f1o se centra en el tema\u00a0<em>Esto no es un festival.<\/em>\u00a0Este a\u00f1o pondremos el foco en las historias, tan relevantes hoy como antes en la regi\u00f3n. Estamos muy orgullosos de inaugurar esta edici\u00f3n con la pel\u00edcula mexicana\u00a0<em>Los Lobo<\/em>s de Samuel Kishi, que marca el pulso en la vida cotidiana de muchxs inmigrantes indocumentadxs en los Estados Unidos desde la perspectiva de lxs ni\u00f1xs y el mundo de los sue\u00f1os.<\/p>\n<p>Les invitamos a seguir c\u00f3mo lxs cineastas y el p\u00fablico en Am\u00e9rica Latina han lidiado con Covid-19, sin olvidar la realidad en la que se encontraban muchos pa\u00edses antes del brote.<\/p>\n<p>\u00bfC\u00f3mo es la situaci\u00f3n de los millones que se manifestaron en Chile contra la desigualdad que comenz\u00f3 en el oto\u00f1o de 2019? \u00bfC\u00f3mo es ser cineasta en Brasil bajo un presidente que censura y cierra institutos y archivos de cine? Estos son algunos de los temas que han tenido que tomarse un respiro pero que siguen ardiendo y que discutiremos en algunos de nuestros seminarios de este a\u00f1o.<\/p>\n<p>\u00a1Bienvenidxs a la sexta edici\u00f3n de Panoramica! M\u00e1s comprimido, menos prioritario pero, con suerte, igual de relevante a pesar de las circunstancias. Esperamos que disfruten del programa de este a\u00f1o tanto en el mundo digital como f\u00edsicamente en el cine Zita.<\/p>\n","protected":false},"excerpt":{"rendered":"<p>Este a\u00f1o, nada es igual. Al mismo tiempo que atravesamos una pandemia mundial, nosotrxs y muchos otrxs actores culturales tanto en Suecia como en el mundo hemos luchado para seguir ofreciendo cultura y proyecciones cinematogr\u00e1ficas de manera segura. Durante m\u00e1s de seis a\u00f1os, Panoramica ha trabajado arduamente para traer a Estocolmo una oferta cultural m\u00e1s &hellip;<span class=\"read-more\">leer m\u00e1s <i class=\"fa fa-angle-double-right\"><\/i><\/span><\/p>\n","protected":false},"author":1,"featured_media":6448,"parent":0,"menu_order":35,"comment_status":"closed","ping_status":"closed","template":"page-archive.php","meta":{"_acf_changed":false,"footnotes":""},"class_list":["post-7251","page","type-page","status-publish","has-post-thumbnail","hentry"],"acf":[],"_links":{"self":[{"href":"https:\/\/panoramica.se\/es\/wp-json\/wp\/v2\/pages\/7251","targetHints":{"allow":["GET"]}}],"collection":[{"href":"https:\/\/panoramica.se\/es\/wp-json\/wp\/v2\/pages"}],"about":[{"href":"https:\/\/panoramica.se\/es\/wp-json\/wp\/v2\/types\/page"}],"author":[{"embeddable":true,"href":"https:\/\/panoramica.se\/es\/wp-json\/wp\/v2\/users\/1"}],"replies":[{"embeddable":true,"href":"https:\/\/panoramica.se\/es\/wp-json\/wp\/v2\/comments?post=7251"}],"version-history":[{"count":5,"href":"https:\/\/panoramica.se\/es\/wp-json\/wp\/v2\/pages\/7251\/revisions"}],"predecessor-version":[{"id":7266,"href":"https:\/\/panoramica.se\/es\/wp-json\/wp\/v2\/pages\/7251\/revisions\/7266"}],"wp:featuredmedia":[{"embeddable":true,"href":"https:\/\/panoramica.se\/es\/wp-json\/wp\/v2\/media\/6448"}],"wp:attachment":[{"href":"https:\/\/panoramica.se\/es\/wp-json\/wp\/v2\/media?parent=7251"}],"curies":[{"name":"wp","href":"https:\/\/api.w.org\/{rel}","templated":true}]}}