{"id":6434,"date":"2020-08-28T07:05:06","date_gmt":"2020-08-28T07:05:06","guid":{"rendered":"https:\/\/panoramica.se\/arkiv-festivalen-2019\/"},"modified":"2020-09-01T11:38:22","modified_gmt":"2020-09-01T11:38:22","slug":"arkiv-festivalen-2019","status":"publish","type":"page","link":"https:\/\/panoramica.se\/es\/arkiv-festivalen-2019\/","title":{"rendered":"Archivo: Festival 2019"},"content":{"rendered":"<p>Bienvenidxs a la quinta edici\u00f3n del Festival de Cine Latinoamericano de Estocolmo \u2013 Panoramica. Durante seis d\u00edas podr\u00e1n disfrutar de un programa con m\u00e1s de 19 pel\u00edculas, seminarios, charlas, performances y otras actividades relacionadas con el cine y la cultura de Am\u00e9rica Latina.<\/p>\n<p>Un fr\u00edo invierno hace seis a\u00f1os un grupo de amigos discut\u00eda sobre cine y pol\u00edtica. No pod\u00edan entender por qu\u00e9 no hab\u00eda un festival de cine latinoamericano en Estocolmo. Un a\u00f1o despu\u00e9s, en 2015, lograron con ayuda de muchas otras personas lanzar la primera edici\u00f3n de Panor\u00e1mica.<\/p>\n<p>Cuando miramos hacia atr\u00e1s y revisamos nuestro trabajo, vemos que Estocolmo tiene hoy una oferta cultural m\u00e1s rica. Durante cuatro festivales hemos exhibido 98 pel\u00edculas, invitado a 19 cineastas de Am\u00e9rica Latina y organizado un n\u00famero importante de pre-estrenos en colaboraci\u00f3n con distribuidores locales. Tambi\u00e9n vemos con gran placer c\u00f3mo ha aumentado la oferta de pel\u00edculas latinoamericanas en cines suecos, desde un estreno por a\u00f1o en 2014 a cuatro en 2018 y cuatro s\u00f3lo en la primavera de 2019 (\u00a1con al menos dos estrenos este invierno!).<br \/>\nMientras el festival se ha establecido han habido grandes cambios en Am\u00e9rica Latina durante estos a\u00f1os. La pol\u00edtica se ha polarizado cada vez m\u00e1s y cuanto m\u00e1s grandes son las diferencias, m\u00e1s visible es la lucha de los grupos vulnerables que intentan desafiar los l\u00edmites imaginarios y materiales que los marginan. Siguiendo esta l\u00ednea hemos dedicado el programa de este a\u00f1o al tema de las Fronteras.<\/p>\n<p>Nos complace especialmente inaugurar la edici\u00f3n de este a\u00f1o con Lemebel, una pel\u00edcula documental sobre un personaje \u00fanico que simboliza la lucha por un mundo m\u00e1s inclusivo. Esta lucha tambi\u00e9n impregna el resto del programa y nuestro objetivo general del festival.<\/p>\n<p>\u00a1Les damos la bienvenida a celebrar los primeros cinco a\u00f1os de Panoramica! Esperamos que disfruten tanto como nosotros el programa de este a\u00f1o. \u00a1Que lo disfruten!<\/p>\n","protected":false},"excerpt":{"rendered":"<p>Bienvenidxs a la quinta edici\u00f3n del Festival de Cine Latinoamericano de Estocolmo \u2013 Panoramica. Durante seis d\u00edas podr\u00e1n disfrutar de un programa con m\u00e1s de 19 pel\u00edculas, seminarios, charlas, performances y otras actividades relacionadas con el cine y la cultura de Am\u00e9rica Latina. Un fr\u00edo invierno hace seis a\u00f1os un grupo de amigos discut\u00eda sobre &hellip;<span class=\"read-more\">leer m\u00e1s <i class=\"fa fa-angle-double-right\"><\/i><\/span><\/p>\n","protected":false},"author":1,"featured_media":5897,"parent":0,"menu_order":39,"comment_status":"closed","ping_status":"closed","template":"page-archive.php","meta":{"_acf_changed":false,"footnotes":""},"class_list":["post-6434","page","type-page","status-publish","has-post-thumbnail","hentry"],"acf":[],"_links":{"self":[{"href":"https:\/\/panoramica.se\/es\/wp-json\/wp\/v2\/pages\/6434","targetHints":{"allow":["GET"]}}],"collection":[{"href":"https:\/\/panoramica.se\/es\/wp-json\/wp\/v2\/pages"}],"about":[{"href":"https:\/\/panoramica.se\/es\/wp-json\/wp\/v2\/types\/page"}],"author":[{"embeddable":true,"href":"https:\/\/panoramica.se\/es\/wp-json\/wp\/v2\/users\/1"}],"replies":[{"embeddable":true,"href":"https:\/\/panoramica.se\/es\/wp-json\/wp\/v2\/comments?post=6434"}],"version-history":[{"count":4,"href":"https:\/\/panoramica.se\/es\/wp-json\/wp\/v2\/pages\/6434\/revisions"}],"predecessor-version":[{"id":6442,"href":"https:\/\/panoramica.se\/es\/wp-json\/wp\/v2\/pages\/6434\/revisions\/6442"}],"wp:featuredmedia":[{"embeddable":true,"href":"https:\/\/panoramica.se\/es\/wp-json\/wp\/v2\/media\/5897"}],"wp:attachment":[{"href":"https:\/\/panoramica.se\/es\/wp-json\/wp\/v2\/media?parent=6434"}],"curies":[{"name":"wp","href":"https:\/\/api.w.org\/{rel}","templated":true}]}}