{"id":5651,"date":"2022-08-31T12:00:22","date_gmt":"2022-08-31T12:00:22","guid":{"rendered":"http:\/\/panoramica.se\/?page_id=5651"},"modified":"2025-09-04T07:55:41","modified_gmt":"2025-09-04T07:55:41","slug":"festival-2024","status":"publish","type":"page","link":"https:\/\/panoramica.se\/es\/festival-2024\/","title":{"rendered":"Festival 2024"},"content":{"rendered":"<h2>\u00a1Bienvenidxs a la d\u00e9cima edici\u00f3n del Festival de Cine Latinoamericano de Estocolmo, Panor\u00e1mica!<\/h2>\n<p><!--more--><\/p>\n<p>Durante diez a\u00f1os Panor\u00e1mica ha tenido como objetivo convertirse en el lugar donde el p\u00fablico de Estocolmo, as\u00ed como de otras partes de Suecia, pueda descubrir, explorar y disfrutar de lo mejor del cine latinoamericano. Al celebrar nuestro d\u00e9cimo aniversario, reflexionamos sobre este viaje lleno de experiencias culturales, debates y disfrute art\u00edstico.<\/p>\n<p>Desde nuestros humildes comienzos en 2015 \u2014que en realidad se remontan a 2014 cuando presentamos el proyecto con un panfleto casero\u2014 hemos logrado convertirnos en un evento imprescindible tanto para quienes aman el cine como para la di\u00e1spora latinoamericana. En estos diez a\u00f1os el festival ha proyectado m\u00e1s de 180 pel\u00edculas, entre largometrajes, documentales y cortometrajes. Siempre nos hemos esforzado por mantener una selecci\u00f3n diversa en cuanto a pa\u00edses de producci\u00f3n, enfoques art\u00edsticos y tem\u00e1tica, as\u00ed como un equilibrio de g\u00e9nero. Al mismo tiempo, hemos invitado a personas claves a seminarios y otros actos p\u00fablicos. As\u00ed, hemos ampliado el espacio para la cultura latinoamericana dentro del panorama cultural sueco.<\/p>\n<p>Para celebrar nuestros 10 a\u00f1os en el mapa de festivales, presentamos este a\u00f1o una amplia gama de pel\u00edculas que reflejan la evoluci\u00f3n que se est\u00e1 produciendo en Am\u00e9rica Latina. Nos complace presentar el nuevo documental del colectivo cinematogr\u00e1fico chileno MAFI, <strong>Oasis<\/strong>, as\u00ed como una selecci\u00f3n de cuatro pel\u00edculas argentinas, producidas en un contexto en el que la producci\u00f3n cinematogr\u00e1fica del pa\u00eds se ve amenazada por severos recortes presupuestarios.<\/p>\n<p>Hay mucho que decir sobre el programa de este a\u00f1o y estos incre\u00edbles 10 a\u00f1os, pero aqu\u00ed s\u00f3lo daremos las gracias a todas las organizaciones y personas que nos han ayudado en el camino. Sin ustedes, Panor\u00e1mica nunca se habr\u00eda convertido en el importante punto de encuentro para amantes del cine y entusiastas de la cultura latinoamericana que es hoy. Nos llena de orgullo celebrar nuestro d\u00e9cimo aniversario con un programa emocionante y diverso que esperamos les conmueva y enriquezca. Bienvenidxs a una semana llena de pel\u00edculas inspiradoras, seminarios interesantes y encuentros festivos. Esperamos verles aqu\u00ed \u00e9ste y otros 10 a\u00f1os m\u00e1s.<\/p>\n","protected":false},"excerpt":{"rendered":"<p>\u00a1Bienvenidxs a la d\u00e9cima edici\u00f3n del Festival de Cine Latinoamericano de Estocolmo, Panor\u00e1mica!<\/p>\n","protected":false},"author":2,"featured_media":9242,"parent":0,"menu_order":23,"comment_status":"closed","ping_status":"closed","template":"page-info.php","meta":{"_acf_changed":false,"footnotes":""},"class_list":["post-5651","page","type-page","status-publish","has-post-thumbnail","hentry"],"acf":[],"_links":{"self":[{"href":"https:\/\/panoramica.se\/es\/wp-json\/wp\/v2\/pages\/5651","targetHints":{"allow":["GET"]}}],"collection":[{"href":"https:\/\/panoramica.se\/es\/wp-json\/wp\/v2\/pages"}],"about":[{"href":"https:\/\/panoramica.se\/es\/wp-json\/wp\/v2\/types\/page"}],"author":[{"embeddable":true,"href":"https:\/\/panoramica.se\/es\/wp-json\/wp\/v2\/users\/2"}],"replies":[{"embeddable":true,"href":"https:\/\/panoramica.se\/es\/wp-json\/wp\/v2\/comments?post=5651"}],"version-history":[{"count":5,"href":"https:\/\/panoramica.se\/es\/wp-json\/wp\/v2\/pages\/5651\/revisions"}],"predecessor-version":[{"id":9941,"href":"https:\/\/panoramica.se\/es\/wp-json\/wp\/v2\/pages\/5651\/revisions\/9941"}],"wp:featuredmedia":[{"embeddable":true,"href":"https:\/\/panoramica.se\/es\/wp-json\/wp\/v2\/media\/9242"}],"wp:attachment":[{"href":"https:\/\/panoramica.se\/es\/wp-json\/wp\/v2\/media?parent=5651"}],"curies":[{"name":"wp","href":"https:\/\/api.w.org\/{rel}","templated":true}]}}