{"id":3922,"date":"2018-04-23T08:02:24","date_gmt":"2018-04-23T08:02:24","guid":{"rendered":"http:\/\/panoramica.se\/arkiv-festivalen-2017-2\/"},"modified":"2020-09-11T14:15:41","modified_gmt":"2020-09-11T14:15:41","slug":"arkiv-festivalen-2017-2","status":"publish","type":"page","link":"https:\/\/panoramica.se\/es\/arkiv-festivalen-2017-2\/","title":{"rendered":"Archivo: Festival 2017"},"content":{"rendered":"<p>\u00a1El Festival de Cine Latinoamericano de Estocolmo cumple tres a\u00f1os! Les damos la bienvenida a cuatro d\u00edas llenos de pel\u00edculas, seminarios y otras actividades relacionadas con lo mejor de Latinoam\u00e9rica.<!--more--><\/p>\n<p>Muchas cosas han pasado durante tres a\u00f1os: nos hemos establecido como uno de los festivales de Estocolmo m\u00e1s interesantes, hemos colaborado con otros festivales de cine, hemos estado presentes en seminarios y debates sobre cine latinoamericano y nos hemos consolidado como un eje importante para la di\u00e1spora latinoamericana en Suecia.<\/p>\n<p>Antes de que la nueva edici\u00f3n de PANOR\u00c1MICA arranque, nos alegra decir que gracias la fruct\u00edfera colaboraci\u00f3n que hemos establecido con distribuidoras suecas podremos presentar pel\u00edculas como <em>NERUDA<\/em>, del director chileno Pablo Larra\u00edn, con la que inauguramos el festival antes de su estreno en cines suecos.<\/p>\n<p>El tema de este a\u00f1o es la <em>(IN)JUSTICIA<\/em>, una discusi\u00f3n que pensamos es m\u00e1s actual que nunca considerando el duro clima pol\u00edtico en la regi\u00f3n. Lo podemos ver en muchas de las pel\u00edculas del programa de este a\u00f1o, en las que la tensi\u00f3n entre la justicia y la injusticia en espacios privados y p\u00fablicos se trata desde distintos \u00e1ngulos y perspectivas en los diferentes pa\u00edses de Am\u00e9rica Latina. Basta con ver c\u00f3mo M\u00e9xico hace frente a la violencia y la guerra de los c\u00e1rteles a trav\u00e9s de dos fant\u00e1sticos documentales como <em>TEMPESTAD<\/em> de Tatiana Huezo y <em>LA LIBERTAD DEL DIABLO<\/em> de Everardo Gonz\u00e1lez, o c\u00f3mo Lissette Orozco trata de contribuir a la b\u00fasqueda de la justicia con su fascinante documental <em>EL PACTO DE ADRIANA<\/em>.<\/p>\n<p>Para conocer m\u00e1s de cerca estos procesos pueden asistir al seminario sobre <em>Cine documental y justicia<\/em>, donde tendr\u00e1n la oportunidad de escuchar a Everardo Gonz\u00e1lez y Lissette Orozco discutir acerca del papel del cine documental en la b\u00fasqueda de la verdad y la justicia. Tambi\u00e9n hemos invitado a varias figuras de la industria cinematogr\u00e1fica sueco-latinoamericana para hablar de su trabajo en el seminario <em>Cineastas dentro de la di\u00e1spora latinoamericana en Suecia<\/em>, donde \u00c1ngela Bravo, Manolo D\u00edaz R\u00e4m\u00f6 y Gorki Glaser M\u00fcller reflexionar\u00e1n sobre el papel que sus lazos latinoamericanos han tenido en sus procesos creativos.<\/p>\n<p>Nos enorgullece tambi\u00e9n anunciar nuestra colaboraci\u00f3n con CINEMATEKET este a\u00f1o, en el marco de la cual se realizar\u00e1 una retrospectiva del cineasta uruguayo <em>Federico Veiroj<\/em> quien, adem\u00e1s presentar\u00e1 su m\u00e1s reciente pel\u00edcula <em>El ap\u00f3stata<\/em> en PANOR\u00c1MICA.<\/p>\n<p>Por \u00faltimo estamos muy felices de presentar el Premio PANOR\u00c1MICA que otorgaremos este a\u00f1o por primera vez en dos categor\u00edas: mejor documental y mejor pel\u00edcula de ficci\u00f3n.<\/p>\n<p>Una vez m\u00e1s, les damos la bienvenida a PANOR\u00c1MICA y esperamos que el programa que hemos preparado este a\u00f1o les entretenga, conmueva e inspire.<\/p>\n","protected":false},"excerpt":{"rendered":"<p>\u00a1El Festival de Cine Latinoamericano de Estocolmo cumple tres a\u00f1os! Les damos la bienvenida a cuatro d\u00edas llenos de pel\u00edculas, seminarios y otras actividades relacionadas con lo mejor de Latinoam\u00e9rica.<\/p>\n","protected":false},"author":1,"featured_media":6975,"parent":0,"menu_order":45,"comment_status":"closed","ping_status":"closed","template":"page-archive.php","meta":{"_acf_changed":false,"footnotes":""},"class_list":["post-3922","page","type-page","status-publish","has-post-thumbnail","hentry"],"acf":[],"_links":{"self":[{"href":"https:\/\/panoramica.se\/es\/wp-json\/wp\/v2\/pages\/3922","targetHints":{"allow":["GET"]}}],"collection":[{"href":"https:\/\/panoramica.se\/es\/wp-json\/wp\/v2\/pages"}],"about":[{"href":"https:\/\/panoramica.se\/es\/wp-json\/wp\/v2\/types\/page"}],"author":[{"embeddable":true,"href":"https:\/\/panoramica.se\/es\/wp-json\/wp\/v2\/users\/1"}],"replies":[{"embeddable":true,"href":"https:\/\/panoramica.se\/es\/wp-json\/wp\/v2\/comments?post=3922"}],"version-history":[{"count":2,"href":"https:\/\/panoramica.se\/es\/wp-json\/wp\/v2\/pages\/3922\/revisions"}],"predecessor-version":[{"id":6181,"href":"https:\/\/panoramica.se\/es\/wp-json\/wp\/v2\/pages\/3922\/revisions\/6181"}],"wp:featuredmedia":[{"embeddable":true,"href":"https:\/\/panoramica.se\/es\/wp-json\/wp\/v2\/media\/6975"}],"wp:attachment":[{"href":"https:\/\/panoramica.se\/es\/wp-json\/wp\/v2\/media?parent=3922"}],"curies":[{"name":"wp","href":"https:\/\/api.w.org\/{rel}","templated":true}]}}