{"id":2988,"date":"2017-06-30T09:54:16","date_gmt":"2017-06-30T09:54:16","guid":{"rendered":"http:\/\/panoramica.se\/arkiv-festivalen-2016-2\/"},"modified":"2020-09-11T14:15:46","modified_gmt":"2020-09-11T14:15:46","slug":"arkiv-festivalen-2016","status":"publish","type":"page","link":"https:\/\/panoramica.se\/es\/arkiv-festivalen-2016\/","title":{"rendered":"Archivo: Festival 2016"},"content":{"rendered":"<p>Desde el jueves 22 hasta el domingo 25 de septiembre, Klarabiografen, Bio Rio y cine Zita-Folkets Bio se llenar\u00e1n del mejor cine latinoamericano. Inspirados por nuestra exitosa primera edici\u00f3n hemos dise\u00f1ado un programa integrado por 18 t\u00edtulos producidos en 10 pa\u00edses de la regi\u00f3n durante 2014 y 2015, dos seminarios de reflexi\u00f3n y otros eventos relacionados con Am\u00e9rica Latina y su cine.<!--more--><\/p>\n<p>Este a\u00f1o PANOR\u00c1MICA se inaugurar\u00e1 con la pel\u00edcula colombiana El abrazo de la serpiente de Ciro Guerra, en la que uno de los temas centrales es la memoria. Sin duda uno de los temas m\u00e1s importantes para las sociedades latinoamericanas hoy, la memoria es el hilo conductor de nuestro programa 2016, el cual pondr\u00e1 especial \u00e9nfasis en el poder que el cine documental tiene para la construcci\u00f3n de la memoria colectiva y la lucha de las comunidades ind\u00edgenas para defender el medio ambiente, sus territorios y sus formas de vida.<\/p>\n<p>\u00bfQu\u00e9 significa recordar para sociedades marcadas por una historia en la que la violencia vuelve, una y otra vez, en sus m\u00e1s diversas y feroces facetas? \u00bfC\u00f3mo podemos usar la memoria para superar las marcas que la historia colonial, las dictaduras militares, el saqueo y la explotaci\u00f3n han creado? \u00c9stas son algunas de las preguntas que los 18 largometrajes y los seminarios que integran nuestro programa discutir\u00e1n desde perspectivas tan diversas como la regi\u00f3n.<\/p>\n<p>Les damos la m\u00e1s c\u00e1lida bienvenida una vez m\u00e1s y esperamos que el programa que hemos preparado para ustedes los conecte con sus memorias m\u00e1s preciadas y nos acerque en el encuentro con Latinoam\u00e9rica.<\/p>\n","protected":false},"excerpt":{"rendered":"<p>Desde el jueves 22 hasta el domingo 25 de septiembre, Klarabiografen, Bio Rio y cine Zita-Folkets Bio se llenar\u00e1n del mejor cine latinoamericano. Inspirados por nuestra exitosa primera edici\u00f3n hemos dise\u00f1ado un programa integrado por 18 t\u00edtulos producidos en 10 pa\u00edses de la regi\u00f3n durante 2014 y 2015, dos seminarios de reflexi\u00f3n y otros eventos &hellip;<span class=\"read-more\">leer m\u00e1s <i class=\"fa fa-angle-double-right\"><\/i><\/span><\/p>\n","protected":false},"author":1,"featured_media":6978,"parent":0,"menu_order":49,"comment_status":"closed","ping_status":"closed","template":"page-archive.php","meta":{"_acf_changed":false,"footnotes":""},"class_list":["post-2988","page","type-page","status-publish","has-post-thumbnail","hentry"],"acf":[],"_links":{"self":[{"href":"https:\/\/panoramica.se\/es\/wp-json\/wp\/v2\/pages\/2988","targetHints":{"allow":["GET"]}}],"collection":[{"href":"https:\/\/panoramica.se\/es\/wp-json\/wp\/v2\/pages"}],"about":[{"href":"https:\/\/panoramica.se\/es\/wp-json\/wp\/v2\/types\/page"}],"author":[{"embeddable":true,"href":"https:\/\/panoramica.se\/es\/wp-json\/wp\/v2\/users\/1"}],"replies":[{"embeddable":true,"href":"https:\/\/panoramica.se\/es\/wp-json\/wp\/v2\/comments?post=2988"}],"version-history":[{"count":4,"href":"https:\/\/panoramica.se\/es\/wp-json\/wp\/v2\/pages\/2988\/revisions"}],"predecessor-version":[{"id":3928,"href":"https:\/\/panoramica.se\/es\/wp-json\/wp\/v2\/pages\/2988\/revisions\/3928"}],"wp:featuredmedia":[{"embeddable":true,"href":"https:\/\/panoramica.se\/es\/wp-json\/wp\/v2\/media\/6978"}],"wp:attachment":[{"href":"https:\/\/panoramica.se\/es\/wp-json\/wp\/v2\/media?parent=2988"}],"curies":[{"name":"wp","href":"https:\/\/api.w.org\/{rel}","templated":true}]}}