{"id":2495,"date":"2016-08-23T09:55:28","date_gmt":"2016-08-23T09:55:28","guid":{"rendered":"http:\/\/194.68.59.100\/~panoramica\/arkiv-2\/"},"modified":"2020-09-15T09:19:27","modified_gmt":"2020-09-15T09:19:27","slug":"arkiv","status":"publish","type":"page","link":"https:\/\/panoramica.se\/es\/arkiv\/","title":{"rendered":"Archivo: Festival 2015"},"content":{"rendered":"<p>Estocolmo es una ciudad cargada de una vibrante energ\u00eda que estimula la creatividad y el inter\u00e9s por nuevas experiencias culturales. Con m\u00e1s de 30 festivales anuales dedicados al cine producido desde diferentes culturas, perspectivas e identidades, la escena cinematogr\u00e1fica de la capital sueca destaca cada vez m\u00e1s por su riqueza y diversidad.<\/p>\n<p>Panor\u00e1mica nace en este contexto como un esfuerzo para la integraci\u00f3n social. Provenientes de los puntos m\u00e1s distantes de Am\u00e9rica Latina, nuestro encuentro como habitantes de esta ciudad, tan ajena como propia, dio origen a esta iniciativa. Intrigados por la representaci\u00f3n y motivados por la falta de un nicho estable para el cine latinoamericano en Estocolmo, nos propusimos crear este Festival como una oportunidad de reconocimiento y transformaci\u00f3n.<\/p>\n<p>Durante m\u00e1s de un a\u00f1o hemos trabajado con el prop\u00f3sito de hacer visible el renovado impulso creativo que el cine latinoamericano ha tomado en los \u00faltimos a\u00f1os y as\u00ed, destacar el dinamismo y complejidad de las realidades latinoamericanas hoy. Como parte de este esfuerzo presentamos a ustedes esta primera edici\u00f3n. Esperamos que la selecci\u00f3n y los espacios de reflexi\u00f3n que hemos preparado den lugar al acercamiento entre los que nos reconocemos en lo latinoamericano y con todos aquellos con los que habitamos esta ciudad.<\/p>\n","protected":false},"excerpt":{"rendered":"<p>Estocolmo es una ciudad cargada de una vibrante energ\u00eda que estimula la creatividad y el inter\u00e9s por nuevas experiencias culturales. Con m\u00e1s de 30 festivales anuales dedicados al cine producido desde diferentes culturas, perspectivas e identidades, la escena cinematogr\u00e1fica de la capital sueca destaca cada vez m\u00e1s por su riqueza y diversidad. Panor\u00e1mica nace en &hellip;<span class=\"read-more\">leer m\u00e1s <i class=\"fa fa-angle-double-right\"><\/i><\/span><\/p>\n","protected":false},"author":1,"featured_media":436,"parent":0,"menu_order":51,"comment_status":"closed","ping_status":"closed","template":"page-archive.php","meta":{"_acf_changed":false,"footnotes":""},"class_list":["post-2495","page","type-page","status-publish","has-post-thumbnail","hentry"],"acf":[],"_links":{"self":[{"href":"https:\/\/panoramica.se\/es\/wp-json\/wp\/v2\/pages\/2495","targetHints":{"allow":["GET"]}}],"collection":[{"href":"https:\/\/panoramica.se\/es\/wp-json\/wp\/v2\/pages"}],"about":[{"href":"https:\/\/panoramica.se\/es\/wp-json\/wp\/v2\/types\/page"}],"author":[{"embeddable":true,"href":"https:\/\/panoramica.se\/es\/wp-json\/wp\/v2\/users\/1"}],"replies":[{"embeddable":true,"href":"https:\/\/panoramica.se\/es\/wp-json\/wp\/v2\/comments?post=2495"}],"version-history":[{"count":5,"href":"https:\/\/panoramica.se\/es\/wp-json\/wp\/v2\/pages\/2495\/revisions"}],"predecessor-version":[{"id":6997,"href":"https:\/\/panoramica.se\/es\/wp-json\/wp\/v2\/pages\/2495\/revisions\/6997"}],"wp:featuredmedia":[{"embeddable":true,"href":"https:\/\/panoramica.se\/es\/wp-json\/wp\/v2\/media\/436"}],"wp:attachment":[{"href":"https:\/\/panoramica.se\/es\/wp-json\/wp\/v2\/media?parent=2495"}],"curies":[{"name":"wp","href":"https:\/\/api.w.org\/{rel}","templated":true}]}}