{"id":5624,"date":"2019-08-06T11:59:27","date_gmt":"2019-08-06T11:59:27","guid":{"rendered":"http:\/\/panoramica.se\/arkiv-festivalen-2018-2\/"},"modified":"2020-09-15T09:27:01","modified_gmt":"2020-09-15T09:27:01","slug":"arkiv-festivalen-2018","status":"publish","type":"page","link":"https:\/\/panoramica.se\/en\/arkiv-festivalen-2018\/","title":{"rendered":"Archive: Festivalen 2018"},"content":{"rendered":"<p><strong>Varmt v\u00e4lkomna till den fj\u00e4rde upplagan av Stockholms latinamerikanska filmfestival \u2013 Panoramica!<\/strong><\/p>\n<p>Under fem dagar bjuder vi in till ett fullsp\u00e4ckat program best\u00e5ende av de b\u00e4sta filmerna, dagsaktuella seminarier och andra aktiviteter kopplade till Latinamerika.<\/p>\n<p>I \u00e5r vill vi s\u00e4rskilt lyfta de r\u00f6ster och politiska kamp som m\u00e5nga kvinnor och HBTQ+-personer f\u00f6r mot det strukturella v\u00e5ldet, genom v\u00e5rt tema Sprickor. D\u00e4rf\u00f6r k\u00e4nns det extra kul att vi i \u00e5r samarbetar med filmfestivalen Cinema Queer. Tillsammans belyser vi dessa fr\u00e5gor i ett gemensamt program.<\/p>\n<p>Festivalens invigningsfilm \u00e4r den f\u00f6rsta i en l\u00e5ng rad av filmer som \u00e4r gjorda av kvinnor. Den heter Zama och \u00e4r den argentinske regiss\u00f6ren Lucrecia Martels senaste film som nu \u00e4ntligen visas f\u00f6r Stockholmspubliken. Vi vill tacka Franska Filmfestivalen f\u00f6r samarbetet inf\u00f6r visningen av Zama.<\/p>\n<p>Nytt f\u00f6r i \u00e5r \u00e4r ocks\u00e5 att filmfestivalen BrasilCine har blivit en del av Panoramica. Som tidigare bes\u00f6kare av BrasilCine \u00e4r vi sj\u00e4lva v\u00e4ldigt glada att kunna hedra den viktiga insats som de gjort i mer \u00e4n tio \u00e5r f\u00f6r att visa p\u00e5 den stora m\u00e5ngfalden inom den samtida brasilianska filmproduktionen.<\/p>\n<p>\u00c5rets upplaga av Panoramica \u00e4r den st\u00f6rsta n\u00e5gonsin och vi hoppas att programmet inte l\u00e4mnar n\u00e5gon ober\u00f6rd. Vi \u00f6nskar er en trevlig festival!<\/p>\n","protected":false},"excerpt":{"rendered":"<p>Varmt v\u00e4lkomna till den fj\u00e4rde upplagan av Stockholms latinamerikanska filmfestival \u2013 Panoramica! Under fem dagar bjuder vi in till ett fullsp\u00e4ckat program best\u00e5ende av de b\u00e4sta filmerna, dagsaktuella seminarier och andra aktiviteter kopplade till Latinamerika. I \u00e5r vill vi s\u00e4rskilt lyfta de r\u00f6ster och politiska kamp som m\u00e5nga kvinnor och HBTQ+-personer f\u00f6r mot det strukturella &hellip; <span class=\"read-more\">Read more <i class=\"fa fa-angle-double-right\"><\/i><\/span><\/p>\n","protected":false},"author":1,"featured_media":4625,"parent":0,"menu_order":43,"comment_status":"closed","ping_status":"closed","template":"page-archive.php","meta":{"_acf_changed":false,"footnotes":""},"class_list":["post-5624","page","type-page","status-publish","has-post-thumbnail","hentry"],"acf":[],"_links":{"self":[{"href":"https:\/\/panoramica.se\/en\/wp-json\/wp\/v2\/pages\/5624","targetHints":{"allow":["GET"]}}],"collection":[{"href":"https:\/\/panoramica.se\/en\/wp-json\/wp\/v2\/pages"}],"about":[{"href":"https:\/\/panoramica.se\/en\/wp-json\/wp\/v2\/types\/page"}],"author":[{"embeddable":true,"href":"https:\/\/panoramica.se\/en\/wp-json\/wp\/v2\/users\/1"}],"replies":[{"embeddable":true,"href":"https:\/\/panoramica.se\/en\/wp-json\/wp\/v2\/comments?post=5624"}],"version-history":[{"count":5,"href":"https:\/\/panoramica.se\/en\/wp-json\/wp\/v2\/pages\/5624\/revisions"}],"predecessor-version":[{"id":6998,"href":"https:\/\/panoramica.se\/en\/wp-json\/wp\/v2\/pages\/5624\/revisions\/6998"}],"wp:featuredmedia":[{"embeddable":true,"href":"https:\/\/panoramica.se\/en\/wp-json\/wp\/v2\/media\/4625"}],"wp:attachment":[{"href":"https:\/\/panoramica.se\/en\/wp-json\/wp\/v2\/media?parent=5624"}],"curies":[{"name":"wp","href":"https:\/\/api.w.org\/{rel}","templated":true}]}}