{"id":3921,"date":"2018-04-23T08:02:24","date_gmt":"2018-04-23T08:02:24","guid":{"rendered":"http:\/\/panoramica.se\/arkiv-festivalen-2017-2\/"},"modified":"2020-09-11T14:28:30","modified_gmt":"2020-09-11T14:28:30","slug":"arkiv-festivalen-2017","status":"publish","type":"page","link":"https:\/\/panoramica.se\/en\/arkiv-festivalen-2017\/","title":{"rendered":"Archive: Festival 2017"},"content":{"rendered":"<p>Stockholm&#8217;s Latin American Film Festival PANORAMICA celebrates three years! We offer you a warm welcome to four days filled with Latin American movies, discussions and other activities.<\/p>\n<p>Much has happened in these past three years: we have established ourselves as one of Stockholm&#8217;s most interesting film festivals, we have had various collaborations with other festivals, we have attended seminars and debates on Latin American cinema and PANORAMICA has served as an important hub for the Latin American diaspora in Sweden.<\/p>\n<p>For this year&#8217;s edition of PANORAMICA we are especially pleased to inform of our successful collaboration with Swedish film distributors, enabling us to open this year&#8217;s festival with the Chilean film <em>NERUDA<\/em> by Pablo Larra\u00edn, before its opening in Swedish cinemas.<\/p>\n<p>The theme of this year&#8217;s festival is <em>(IN)JUSTICE<\/em>, a subject that is more relevant than ever in today&#8217;s harsh political climate in the region. The films in this year&#8217;s program give us different perspectives from different Latin American countries, where justice and injustice is constantly discussed in both private and public spaces. We see how Mexico tackles violence and the drug cartels war through the amazing documentaries <em>TEMPEST<\/em> by Tatiana Huezo and <em>DEVIL&#8217;S FREEDOM<\/em> of Everardo Gonz\u00e1lez, and how the Chilean director Lissette Orozco tries to contribute to the search for justice with her fascinating documentary <em>ADRIANA&#8217;S PACT<\/em>.<\/p>\n<p>How the theme is tackled through film will also be discussed by Everardo Gonz\u00e1lez and Lissette Orozco in this year&#8217;s seminar on <em>Documentary film and justice<\/em>. They will visit us to talk about the role of documentaries in the political battlefield in Latin America. We have also invited Swedish-Latin American filmmakers to discuss their work in the seminar <em>Filmmaking within the Latin American diaspora in Sweden<\/em>. In this context \u00c1ngela Bravo, Manolo D\u00edaz R\u00e4m\u00f6 and Gorki Glaser M\u00fcller will talk about the role that their connection to Latin America has played in their creative processes.<\/p>\n<p>We are also extremely happy to be collaborating with CINEMATEKET this year. They will offer an Uruguayan retrospective by director Federico Veiroj, who also comes to Stockholm to present his latest film <em>The Apostate<\/em> at PANORAMICA.<\/p>\n<p>Finally, we are very pleased to announce that this year we will be giving out the PANORAMICA Award for the first time in two categories: one for best documentary and one for best feature film.<\/p>\n<p>We would like to welcome you again to PANORAMICA 2017 and hope that the program we have prepared this year can both entertain, worry and inspire you.<\/p>\n","protected":false},"excerpt":{"rendered":"<p>Stockholm&#8217;s Latin American Film Festival PANORAMICA celebrates three years! We offer you a warm welcome to four days filled with Latin American movies, discussions and other activities. Much has happened in these past three years: we have established ourselves as one of Stockholm&#8217;s most interesting film festivals, we have had various collaborations with other festivals, &hellip; <span class=\"read-more\">Read more <i class=\"fa fa-angle-double-right\"><\/i><\/span><\/p>\n","protected":false},"author":1,"featured_media":6976,"parent":0,"menu_order":47,"comment_status":"closed","ping_status":"closed","template":"page-archive.php","meta":{"_acf_changed":false,"footnotes":""},"class_list":["post-3921","page","type-page","status-publish","has-post-thumbnail","hentry"],"acf":[],"_links":{"self":[{"href":"https:\/\/panoramica.se\/en\/wp-json\/wp\/v2\/pages\/3921","targetHints":{"allow":["GET"]}}],"collection":[{"href":"https:\/\/panoramica.se\/en\/wp-json\/wp\/v2\/pages"}],"about":[{"href":"https:\/\/panoramica.se\/en\/wp-json\/wp\/v2\/types\/page"}],"author":[{"embeddable":true,"href":"https:\/\/panoramica.se\/en\/wp-json\/wp\/v2\/users\/1"}],"replies":[{"embeddable":true,"href":"https:\/\/panoramica.se\/en\/wp-json\/wp\/v2\/comments?post=3921"}],"version-history":[{"count":5,"href":"https:\/\/panoramica.se\/en\/wp-json\/wp\/v2\/pages\/3921\/revisions"}],"predecessor-version":[{"id":3933,"href":"https:\/\/panoramica.se\/en\/wp-json\/wp\/v2\/pages\/3921\/revisions\/3933"}],"wp:featuredmedia":[{"embeddable":true,"href":"https:\/\/panoramica.se\/en\/wp-json\/wp\/v2\/media\/6976"}],"wp:attachment":[{"href":"https:\/\/panoramica.se\/en\/wp-json\/wp\/v2\/media?parent=3921"}],"curies":[{"name":"wp","href":"https:\/\/api.w.org\/{rel}","templated":true}]}}